{"id":3565,"date":"2023-07-11T06:57:52","date_gmt":"2023-07-11T04:57:52","guid":{"rendered":"https:\/\/35.205.44.62\/temoignages-de-clients\/"},"modified":"2024-08-27T15:59:25","modified_gmt":"2024-08-27T13:59:25","slug":"temoignages-de-clients","status":"publish","type":"page","link":"https:\/\/nymus.be\/fr\/temoignages-de-clients\/","title":{"rendered":"T\u00e9moignages de clients"},"content":{"rendered":"\t\t<div data-elementor-type=\"wp-page\" data-elementor-id=\"3565\" class=\"elementor elementor-3565 elementor-877\" data-elementor-settings=\"{&quot;ha_cmc_init_switcher&quot;:&quot;no&quot;}\" data-elementor-post-type=\"page\">\n\t\t\t\t\t\t<section class=\"elementor-section elementor-top-section elementor-element elementor-element-f4e4d91 elementor-section-boxed elementor-section-height-default elementor-section-height-default\" data-id=\"f4e4d91\" data-element_type=\"section\" data-e-type=\"section\" data-settings=\"{&quot;background_background&quot;:&quot;classic&quot;,&quot;_ha_eqh_enable&quot;:false}\">\n\t\t\t\t\t\t<div class=\"elementor-container elementor-column-gap-default\">\n\t\t\t\t\t<div class=\"elementor-column elementor-col-50 elementor-top-column elementor-element elementor-element-e296ea0\" data-id=\"e296ea0\" data-element_type=\"column\" data-e-type=\"column\">\n\t\t\t<div class=\"elementor-widget-wrap elementor-element-populated\">\n\t\t\t\t\t\t<div class=\"elementor-element elementor-element-387c6e5 elementor-widget__width-initial elementor-view-default elementor-widget elementor-widget-icon\" data-id=\"387c6e5\" data-element_type=\"widget\" data-e-type=\"widget\" data-widget_type=\"icon.default\">\n\t\t\t\t\t\t\t<div class=\"elementor-icon-wrapper\">\n\t\t\t<div class=\"elementor-icon\">\n\t\t\t<svg xmlns=\"http:\/\/www.w3.org\/2000\/svg\" xmlns:xlink=\"http:\/\/www.w3.org\/1999\/xlink\" width=\"42.036\" height=\"52.191\" viewBox=\"0 0 42.036 52.191\"><defs><linearGradient id=\"linear-gradient\" x1=\"-0.128\" y1=\"1\" x2=\"1\" y2=\"1\" gradientUnits=\"objectBoundingBox\"><stop offset=\"0\" stop-color=\"#ffa04f\"><\/stop><stop offset=\"1\" stop-color=\"#ff3e36\"><\/stop><stop offset=\"1\" stop-color=\"#ff3c36\"><\/stop><\/linearGradient><\/defs><path id=\"Union_4\" data-name=\"Union 4\" d=\"M10.156,45.7l5.077-5.077h0l5.078-5.078,5.077-5.078L27.927,33l-2.538-2.539,5.078-5.077L33,22.849l-2.539,2.539L25.389,20.31h0L20.31,15.233l2.538-2.539-2.539,2.539-5.077-5.079L10.156,5.078,15.233,0l5.079,5.077h0l5.078,5.078h0l5.078,5.076,5.078,5.078h0l5.078,5.076-5.078,5.079-5.078,5.077-5.077,5.078L20.311,45.7h0l-5.078,5.078ZM0,35.544l5.077-5.078L7.616,33,5.078,30.465l5.078-5.077,2.538-2.539-2.539,2.539L5.079,20.31h0L0,15.233l5.077-5.078,5.079,5.077,5.078,5.078h0l5.078,5.076-5.078,5.079-5.078,5.077L5.078,40.622Z\" transform=\"translate(0.707 0.707)\" stroke=\"rgba(0,0,0,0)\" stroke-width=\"1\" fill=\"url(#linear-gradient)\"><\/path><\/svg>\t\t\t<\/div>\n\t\t<\/div>\n\t\t\t\t\t\t<\/div>\n\t\t\t\t<div class=\"elementor-element elementor-element-5b06ed0 elementor-widget__width-initial elementor-widget elementor-widget-heading\" data-id=\"5b06ed0\" data-element_type=\"widget\" data-e-type=\"widget\" data-widget_type=\"heading.default\">\n\t\t\t\t\t<h2 class=\"elementor-heading-title elementor-size-default\">T\u00e9moignages de clients<\/h2>\t\t\t\t<\/div>\n\t\t\t\t<div class=\"elementor-element elementor-element-7781802 elementor-widget elementor-widget-heading\" data-id=\"7781802\" data-element_type=\"widget\" data-e-type=\"widget\" data-widget_type=\"heading.default\">\n\t\t\t\t\t<h2 class=\"elementor-heading-title elementor-size-default\">T\u00e9moignages de nos clients<\/h2>\t\t\t\t<\/div>\n\t\t\t\t<div class=\"elementor-element elementor-element-63a1e09 elementor-widget elementor-widget-text-editor\" data-id=\"63a1e09\" data-element_type=\"widget\" data-e-type=\"widget\" data-widget_type=\"text-editor.default\">\n\t\t\t\t\t\t\t\t\t<p class=\"MsoNormal\">Vous en avez assez du papier, des timbres et des co\u00fbts \u00e9lev\u00e9s ?<br \/>C&rsquo;est \u00e9galement ainsi que les choses ont commenc\u00e9 avec nos clients. Lisez leur histoire.<\/p>\n\t\t\t\t\t\t\t\t<\/div>\n\t\t\t\t\t<\/div>\n\t\t<\/div>\n\t\t\t\t<div class=\"elementor-column elementor-col-50 elementor-top-column elementor-element elementor-element-3573504 elementor-hidden-tablet elementor-hidden-mobile\" data-id=\"3573504\" data-element_type=\"column\" data-e-type=\"column\">\n\t\t\t<div class=\"elementor-widget-wrap\">\n\t\t\t\t\t\t\t<\/div>\n\t\t<\/div>\n\t\t\t\t\t<\/div>\n\t\t<\/section>\n\t\t\t\t<section class=\"elementor-section elementor-top-section elementor-element elementor-element-34626e1 elementor-section-boxed elementor-section-height-default elementor-section-height-default\" data-id=\"34626e1\" data-element_type=\"section\" data-e-type=\"section\" data-settings=\"{&quot;_ha_eqh_enable&quot;:false}\">\n\t\t\t\t\t\t<div class=\"elementor-container elementor-column-gap-default\">\n\t\t\t\t\t<div class=\"elementor-column elementor-col-50 elementor-top-column elementor-element elementor-element-0b44c83\" data-id=\"0b44c83\" data-element_type=\"column\" data-e-type=\"column\">\n\t\t\t<div class=\"elementor-widget-wrap elementor-element-populated\">\n\t\t\t\t\t\t<div class=\"elementor-element elementor-element-8f1d9d6 elementor-widget__width-initial elementor-widget elementor-widget-image\" data-id=\"8f1d9d6\" data-element_type=\"widget\" data-e-type=\"widget\" data-widget_type=\"image.default\">\n\t\t\t\t\t\t\t\t\t\t\t\t\t\t\t<img fetchpriority=\"high\" decoding=\"async\" width=\"800\" height=\"525\" src=\"https:\/\/nymus.be\/wp-content\/uploads\/2023\/07\/Bright-Verhelst_WAL0271-1024x672-1.jpg\" class=\"attachment-large size-large wp-image-3355\" alt=\"\" srcset=\"https:\/\/nymus.be\/wp-content\/uploads\/2023\/07\/Bright-Verhelst_WAL0271-1024x672-1.jpg 1024w, https:\/\/nymus.be\/wp-content\/uploads\/2023\/07\/Bright-Verhelst_WAL0271-1024x672-1-300x197.jpg 300w, https:\/\/nymus.be\/wp-content\/uploads\/2023\/07\/Bright-Verhelst_WAL0271-1024x672-1-768x504.jpg 768w\" sizes=\"(max-width: 800px) 100vw, 800px\" \/>\t\t\t\t\t\t\t\t\t\t\t\t\t\t\t<\/div>\n\t\t\t\t\t<\/div>\n\t\t<\/div>\n\t\t\t\t<div class=\"elementor-column elementor-col-50 elementor-top-column elementor-element elementor-element-a1dc46c\" data-id=\"a1dc46c\" data-element_type=\"column\" data-e-type=\"column\">\n\t\t\t<div class=\"elementor-widget-wrap elementor-element-populated\">\n\t\t\t\t\t\t<div class=\"elementor-element elementor-element-945e42b elementor-widget elementor-widget-heading\" data-id=\"945e42b\" data-element_type=\"widget\" data-e-type=\"widget\" data-widget_type=\"heading.default\">\n\t\t\t\t\t<h2 class=\"elementor-heading-title elementor-size-default\">\"La plateforme fonctionne sans probl\u00e8me, fait ce qu'elle doit faire et a fi\u00e8re allure. De plus, l'organisation qui la sous-tend est \u00e9galement de premier ordre. Nymus r\u00e9fl\u00e9chit constamment pour trouver des solutions \u00e0 nos d\u00e9fis et parvient toujours \u00e0 fournir une r\u00e9ponse.\"<\/h2>\t\t\t\t<\/div>\n\t\t\t\t<div class=\"elementor-element elementor-element-63b94d7 elementor-widget elementor-widget-text-editor\" data-id=\"63b94d7\" data-element_type=\"widget\" data-e-type=\"widget\" data-widget_type=\"text-editor.default\">\n\t\t\t\t\t\t\t\t\t<p>Dries Devroe, directeur financier du groupe Verhelst<\/p>\n\t\t\t\t\t\t\t\t<\/div>\n\t\t\t\t\t<\/div>\n\t\t<\/div>\n\t\t\t\t\t<\/div>\n\t\t<\/section>\n\t\t\t\t<section class=\"elementor-section elementor-top-section elementor-element elementor-element-758767b elementor-section-boxed elementor-section-height-default elementor-section-height-default\" data-id=\"758767b\" data-element_type=\"section\" data-e-type=\"section\" data-settings=\"{&quot;background_background&quot;:&quot;classic&quot;,&quot;_ha_eqh_enable&quot;:false}\">\n\t\t\t\t\t\t<div class=\"elementor-container elementor-column-gap-default\">\n\t\t\t\t\t<div class=\"elementor-column elementor-col-50 elementor-top-column elementor-element elementor-element-c6812c8\" data-id=\"c6812c8\" data-element_type=\"column\" data-e-type=\"column\" data-settings=\"{&quot;background_background&quot;:&quot;classic&quot;}\">\n\t\t\t<div class=\"elementor-widget-wrap elementor-element-populated\">\n\t\t\t\t\t\t<div class=\"elementor-element elementor-element-50fe452 elementor-widget elementor-widget-image\" data-id=\"50fe452\" data-element_type=\"widget\" data-e-type=\"widget\" data-widget_type=\"image.default\">\n\t\t\t\t\t\t\t\t\t\t\t\t\t\t\t\t<a href=\"https:\/\/agilitas.be\/\">\n\t\t\t\t\t\t\t<img decoding=\"async\" width=\"1654\" height=\"510\" src=\"https:\/\/nymus.be\/wp-content\/uploads\/2023\/07\/Agilitas_rgb.png\" class=\"attachment-2048x2048 size-2048x2048 wp-image-3357\" alt=\"\" srcset=\"https:\/\/nymus.be\/wp-content\/uploads\/2023\/07\/Agilitas_rgb.png 1654w, https:\/\/nymus.be\/wp-content\/uploads\/2023\/07\/Agilitas_rgb-300x93.png 300w, https:\/\/nymus.be\/wp-content\/uploads\/2023\/07\/Agilitas_rgb-1024x316.png 1024w, https:\/\/nymus.be\/wp-content\/uploads\/2023\/07\/Agilitas_rgb-768x237.png 768w, https:\/\/nymus.be\/wp-content\/uploads\/2023\/07\/Agilitas_rgb-1536x474.png 1536w\" sizes=\"(max-width: 1654px) 100vw, 1654px\" \/>\t\t\t\t\t\t\t\t<\/a>\n\t\t\t\t\t\t\t\t\t\t\t\t\t\t\t<\/div>\n\t\t\t\t<div class=\"elementor-element elementor-element-d8846fd elementor-widget elementor-widget-heading\" data-id=\"d8846fd\" data-element_type=\"widget\" data-e-type=\"widget\" data-widget_type=\"heading.default\">\n\t\t\t\t\t<h2 class=\"elementor-heading-title elementor-size-default\">Comment Agilitas est devenue un leader de l'exp\u00e9rience client<\/h2>\t\t\t\t<\/div>\n\t\t\t\t<div class=\"elementor-element elementor-element-d8ccd6e elementor-widget elementor-widget-text-editor\" data-id=\"d8ccd6e\" data-element_type=\"widget\" data-e-type=\"widget\" data-widget_type=\"text-editor.default\">\n\t\t\t\t\t\t\t\t\t<p>Et si un jour vous r\u00e9alisiez que votre facturation peut \u00eatre plus efficace, plus rapide et plus rentable ? C&rsquo;est ce qui est arriv\u00e9 \u00e0 Bart De Padt, Credit &amp; Billing Manager chez le prestataire de services RH Agilitas Group. <\/p>\n\t\t\t\t\t\t\t\t<\/div>\n\t\t\t\t<div class=\"elementor-element elementor-element-26a08c5 elementor-mobile-align-center elementor-widget elementor-widget-button\" data-id=\"26a08c5\" data-element_type=\"widget\" data-e-type=\"widget\" data-widget_type=\"button.default\">\n\t\t\t\t\t\t\t\t\t\t<a class=\"elementor-button elementor-button-link elementor-size-sm\" href=\"https:\/\/nymus.be\/fr\/temoignages-de-clients\/groupe-agilitas\/\">\n\t\t\t\t\t\t<span class=\"elementor-button-content-wrapper\">\n\t\t\t\t\t\t\t\t\t<span class=\"elementor-button-text\">En savoir plus<\/span>\n\t\t\t\t\t<\/span>\n\t\t\t\t\t<\/a>\n\t\t\t\t\t\t\t\t<\/div>\n\t\t\t\t\t<\/div>\n\t\t<\/div>\n\t\t\t\t<div class=\"elementor-column elementor-col-50 elementor-top-column elementor-element elementor-element-43e5f4b\" data-id=\"43e5f4b\" data-element_type=\"column\" data-e-type=\"column\" data-settings=\"{&quot;background_background&quot;:&quot;classic&quot;}\">\n\t\t\t<div class=\"elementor-widget-wrap elementor-element-populated\">\n\t\t\t\t\t\t<div class=\"elementor-element elementor-element-ed54972 elementor-widget elementor-widget-image\" data-id=\"ed54972\" data-element_type=\"widget\" data-e-type=\"widget\" data-widget_type=\"image.default\">\n\t\t\t\t\t\t\t\t\t\t\t\t\t\t\t\t<a href=\"https:\/\/www.verhelst.be\/nl\">\n\t\t\t\t\t\t\t<img decoding=\"async\" width=\"300\" height=\"71\" src=\"https:\/\/nymus.be\/wp-content\/uploads\/2023\/07\/VERHELSTGROUP-300x71.png\" class=\"attachment-medium size-medium wp-image-3359\" alt=\"\" srcset=\"https:\/\/nymus.be\/wp-content\/uploads\/2023\/07\/VERHELSTGROUP-300x71.png 300w, https:\/\/nymus.be\/wp-content\/uploads\/2023\/07\/VERHELSTGROUP-1024x242.png 1024w, https:\/\/nymus.be\/wp-content\/uploads\/2023\/07\/VERHELSTGROUP-768x181.png 768w, https:\/\/nymus.be\/wp-content\/uploads\/2023\/07\/VERHELSTGROUP-1536x363.png 1536w, https:\/\/nymus.be\/wp-content\/uploads\/2023\/07\/VERHELSTGROUP.png 1770w\" sizes=\"(max-width: 300px) 100vw, 300px\" \/>\t\t\t\t\t\t\t\t<\/a>\n\t\t\t\t\t\t\t\t\t\t\t\t\t\t\t<\/div>\n\t\t\t\t<div class=\"elementor-element elementor-element-c2cc72d elementor-widget elementor-widget-heading\" data-id=\"c2cc72d\" data-element_type=\"widget\" data-e-type=\"widget\" data-widget_type=\"heading.default\">\n\t\t\t\t\t<h2 class=\"elementor-heading-title elementor-size-default\">De la machine \u00e0 affranchir \u00e0 la facturation enti\u00e8rement num\u00e9rique\n<\/h2>\t\t\t\t<\/div>\n\t\t\t\t<div class=\"elementor-element elementor-element-cdb77bc elementor-widget elementor-widget-text-editor\" data-id=\"cdb77bc\" data-element_type=\"widget\" data-e-type=\"widget\" data-widget_type=\"text-editor.default\">\n\t\t\t\t\t\t\t\t\t<p>Le groupe Verhelst, partenaire de la construction, a r\u00e9solument opt\u00e9 pour la facturation automatique via la plateforme Nymus. Le directeur financier Dries Devroe vous plonge dans son tout nouveau processus de facturation num\u00e9rique. <\/p>\n\t\t\t\t\t\t\t\t<\/div>\n\t\t\t\t<div class=\"elementor-element elementor-element-46c20a9 elementor-mobile-align-center elementor-widget elementor-widget-button\" data-id=\"46c20a9\" data-element_type=\"widget\" data-e-type=\"widget\" data-widget_type=\"button.default\">\n\t\t\t\t\t\t\t\t\t\t<a class=\"elementor-button elementor-button-link elementor-size-sm\" href=\"https:\/\/nymus.be\/fr\/temoignages-de-clients\/groupe-verhelst\/\">\n\t\t\t\t\t\t<span class=\"elementor-button-content-wrapper\">\n\t\t\t\t\t\t\t\t\t<span class=\"elementor-button-text\">En savoir plus<\/span>\n\t\t\t\t\t<\/span>\n\t\t\t\t\t<\/a>\n\t\t\t\t\t\t\t\t<\/div>\n\t\t\t\t\t<\/div>\n\t\t<\/div>\n\t\t\t\t\t<\/div>\n\t\t<\/section>\n\t\t\t\t<\/div>\n\t\t","protected":false},"excerpt":{"rendered":"<p>T\u00e9moignages de clients T\u00e9moignages de nos clients Vous en avez assez du papier, des timbres et des co\u00fbts \u00e9lev\u00e9s ?C&rsquo;est \u00e9galement ainsi que les choses ont commenc\u00e9 avec nos clients. [&hellip;]<\/p>\n","protected":false},"author":1,"featured_media":0,"parent":0,"menu_order":0,"comment_status":"closed","ping_status":"closed","template":"","meta":{"footnotes":""},"class_list":["post-3565","page","type-page","status-publish","hentry"],"yoast_head":"<!-- This site is optimized with the Yoast SEO plugin v27.3 - https:\/\/yoast.com\/product\/yoast-seo-wordpress\/ -->\n<title>T\u00e9moignages de clients - Nymus<\/title>\n<meta name=\"description\" content=\"Vous en avez assez du papier, des timbres et des co\u00fbts \u00e9lev\u00e9s ? Nymus peut \u00e9galement vous aider, lisez ici les t\u00e9moignages de nos clients.\" \/>\n<meta name=\"robots\" content=\"index, follow, max-snippet:-1, max-image-preview:large, max-video-preview:-1\" \/>\n<link rel=\"canonical\" href=\"https:\/\/nymus.be\/klantverhalen\/\" \/>\n<meta property=\"og:locale\" content=\"fr_FR\" \/>\n<meta property=\"og:type\" content=\"article\" \/>\n<meta property=\"og:title\" content=\"T\u00e9moignages de clients - Nymus\" \/>\n<meta property=\"og:description\" content=\"Vous en avez assez du papier, des timbres et des co\u00fbts \u00e9lev\u00e9s ? Nymus peut \u00e9galement vous aider, lisez ici les t\u00e9moignages de nos clients.\" \/>\n<meta property=\"og:url\" content=\"https:\/\/nymus.be\/klantverhalen\/\" \/>\n<meta property=\"og:site_name\" content=\"Nymus\" \/>\n<meta property=\"article:modified_time\" content=\"2024-08-27T13:59:25+00:00\" \/>\n<meta property=\"og:image\" content=\"https:\/\/nymus.be\/wp-content\/uploads\/2023\/07\/Bright-Verhelst_WAL0271-1024x672-1.jpg\" \/>\n<meta name=\"twitter:card\" content=\"summary_large_image\" \/>\n<meta name=\"twitter:label1\" content=\"Dur\u00e9e de lecture est.\" \/>\n\t<meta name=\"twitter:data1\" content=\"2 minutes\" \/>\n<script type=\"application\/ld+json\" class=\"yoast-schema-graph\">{\"@context\":\"https:\\\/\\\/schema.org\",\"@graph\":[{\"@type\":\"WebPage\",\"@id\":\"https:\\\/\\\/nymus.be\\\/klantverhalen\\\/\",\"url\":\"https:\\\/\\\/nymus.be\\\/klantverhalen\\\/\",\"name\":\"T\u00e9moignages de clients - Nymus\",\"isPartOf\":{\"@id\":\"http:\\\/\\\/nymus.be\\\/#website\"},\"primaryImageOfPage\":{\"@id\":\"https:\\\/\\\/nymus.be\\\/klantverhalen\\\/#primaryimage\"},\"image\":{\"@id\":\"https:\\\/\\\/nymus.be\\\/klantverhalen\\\/#primaryimage\"},\"thumbnailUrl\":\"https:\\\/\\\/nymus.be\\\/wp-content\\\/uploads\\\/2023\\\/07\\\/Bright-Verhelst_WAL0271-1024x672-1.jpg\",\"datePublished\":\"2023-07-11T04:57:52+00:00\",\"dateModified\":\"2024-08-27T13:59:25+00:00\",\"description\":\"Vous en avez assez du papier, des timbres et des co\u00fbts \u00e9lev\u00e9s ? Nymus peut \u00e9galement vous aider, lisez ici les t\u00e9moignages de nos clients.\",\"breadcrumb\":{\"@id\":\"https:\\\/\\\/nymus.be\\\/klantverhalen\\\/#breadcrumb\"},\"inLanguage\":\"fr-BE\",\"potentialAction\":[{\"@type\":\"ReadAction\",\"target\":[\"https:\\\/\\\/nymus.be\\\/klantverhalen\\\/\"]}]},{\"@type\":\"ImageObject\",\"inLanguage\":\"fr-BE\",\"@id\":\"https:\\\/\\\/nymus.be\\\/klantverhalen\\\/#primaryimage\",\"url\":\"https:\\\/\\\/nymus.be\\\/wp-content\\\/uploads\\\/2023\\\/07\\\/Bright-Verhelst_WAL0271-1024x672-1.jpg\",\"contentUrl\":\"https:\\\/\\\/nymus.be\\\/wp-content\\\/uploads\\\/2023\\\/07\\\/Bright-Verhelst_WAL0271-1024x672-1.jpg\"},{\"@type\":\"BreadcrumbList\",\"@id\":\"https:\\\/\\\/nymus.be\\\/klantverhalen\\\/#breadcrumb\",\"itemListElement\":[{\"@type\":\"ListItem\",\"position\":1,\"name\":\"Home\",\"item\":\"https:\\\/\\\/nymus.be\\\/\"},{\"@type\":\"ListItem\",\"position\":2,\"name\":\"T\u00e9moignages de clients\"}]},{\"@type\":\"WebSite\",\"@id\":\"http:\\\/\\\/nymus.be\\\/#website\",\"url\":\"http:\\\/\\\/nymus.be\\\/\",\"name\":\"Nymus\",\"description\":\"Make the future paperless\",\"publisher\":{\"@id\":\"http:\\\/\\\/nymus.be\\\/#organization\"},\"potentialAction\":[{\"@type\":\"SearchAction\",\"target\":{\"@type\":\"EntryPoint\",\"urlTemplate\":\"http:\\\/\\\/nymus.be\\\/?s={search_term_string}\"},\"query-input\":{\"@type\":\"PropertyValueSpecification\",\"valueRequired\":true,\"valueName\":\"search_term_string\"}}],\"inLanguage\":\"fr-BE\"},{\"@type\":\"Organization\",\"@id\":\"http:\\\/\\\/nymus.be\\\/#organization\",\"name\":\"Nymus\",\"url\":\"http:\\\/\\\/nymus.be\\\/\",\"logo\":{\"@type\":\"ImageObject\",\"inLanguage\":\"fr-BE\",\"@id\":\"http:\\\/\\\/nymus.be\\\/#\\\/schema\\\/logo\\\/image\\\/\",\"url\":\"https:\\\/\\\/nymus.be\\\/wp-content\\\/uploads\\\/2023\\\/07\\\/nymus_logo_rgb.png\",\"contentUrl\":\"https:\\\/\\\/nymus.be\\\/wp-content\\\/uploads\\\/2023\\\/07\\\/nymus_logo_rgb.png\",\"width\":842,\"height\":222,\"caption\":\"Nymus\"},\"image\":{\"@id\":\"http:\\\/\\\/nymus.be\\\/#\\\/schema\\\/logo\\\/image\\\/\"},\"sameAs\":[\"https:\\\/\\\/www.linkedin.com\\\/company\\\/2587847\\\/admin\\\/?lipi=urnlipaged_flagship3_feedLMsWqCuuRCFADe8nhgbkw\"]}]}<\/script>\n<!-- \/ Yoast SEO plugin. -->","yoast_head_json":{"title":"T\u00e9moignages de clients - Nymus","description":"Vous en avez assez du papier, des timbres et des co\u00fbts \u00e9lev\u00e9s ? Nymus peut \u00e9galement vous aider, lisez ici les t\u00e9moignages de nos clients.","robots":{"index":"index","follow":"follow","max-snippet":"max-snippet:-1","max-image-preview":"max-image-preview:large","max-video-preview":"max-video-preview:-1"},"canonical":"https:\/\/nymus.be\/klantverhalen\/","og_locale":"fr_FR","og_type":"article","og_title":"T\u00e9moignages de clients - Nymus","og_description":"Vous en avez assez du papier, des timbres et des co\u00fbts \u00e9lev\u00e9s ? Nymus peut \u00e9galement vous aider, lisez ici les t\u00e9moignages de nos clients.","og_url":"https:\/\/nymus.be\/klantverhalen\/","og_site_name":"Nymus","article_modified_time":"2024-08-27T13:59:25+00:00","og_image":[{"url":"https:\/\/nymus.be\/wp-content\/uploads\/2023\/07\/Bright-Verhelst_WAL0271-1024x672-1.jpg","type":"","width":"","height":""}],"twitter_card":"summary_large_image","twitter_misc":{"Dur\u00e9e de lecture est.":"2 minutes"},"schema":{"@context":"https:\/\/schema.org","@graph":[{"@type":"WebPage","@id":"https:\/\/nymus.be\/klantverhalen\/","url":"https:\/\/nymus.be\/klantverhalen\/","name":"T\u00e9moignages de clients - Nymus","isPartOf":{"@id":"http:\/\/nymus.be\/#website"},"primaryImageOfPage":{"@id":"https:\/\/nymus.be\/klantverhalen\/#primaryimage"},"image":{"@id":"https:\/\/nymus.be\/klantverhalen\/#primaryimage"},"thumbnailUrl":"https:\/\/nymus.be\/wp-content\/uploads\/2023\/07\/Bright-Verhelst_WAL0271-1024x672-1.jpg","datePublished":"2023-07-11T04:57:52+00:00","dateModified":"2024-08-27T13:59:25+00:00","description":"Vous en avez assez du papier, des timbres et des co\u00fbts \u00e9lev\u00e9s ? Nymus peut \u00e9galement vous aider, lisez ici les t\u00e9moignages de nos clients.","breadcrumb":{"@id":"https:\/\/nymus.be\/klantverhalen\/#breadcrumb"},"inLanguage":"fr-BE","potentialAction":[{"@type":"ReadAction","target":["https:\/\/nymus.be\/klantverhalen\/"]}]},{"@type":"ImageObject","inLanguage":"fr-BE","@id":"https:\/\/nymus.be\/klantverhalen\/#primaryimage","url":"https:\/\/nymus.be\/wp-content\/uploads\/2023\/07\/Bright-Verhelst_WAL0271-1024x672-1.jpg","contentUrl":"https:\/\/nymus.be\/wp-content\/uploads\/2023\/07\/Bright-Verhelst_WAL0271-1024x672-1.jpg"},{"@type":"BreadcrumbList","@id":"https:\/\/nymus.be\/klantverhalen\/#breadcrumb","itemListElement":[{"@type":"ListItem","position":1,"name":"Home","item":"https:\/\/nymus.be\/"},{"@type":"ListItem","position":2,"name":"T\u00e9moignages de clients"}]},{"@type":"WebSite","@id":"http:\/\/nymus.be\/#website","url":"http:\/\/nymus.be\/","name":"Nymus","description":"Make the future paperless","publisher":{"@id":"http:\/\/nymus.be\/#organization"},"potentialAction":[{"@type":"SearchAction","target":{"@type":"EntryPoint","urlTemplate":"http:\/\/nymus.be\/?s={search_term_string}"},"query-input":{"@type":"PropertyValueSpecification","valueRequired":true,"valueName":"search_term_string"}}],"inLanguage":"fr-BE"},{"@type":"Organization","@id":"http:\/\/nymus.be\/#organization","name":"Nymus","url":"http:\/\/nymus.be\/","logo":{"@type":"ImageObject","inLanguage":"fr-BE","@id":"http:\/\/nymus.be\/#\/schema\/logo\/image\/","url":"https:\/\/nymus.be\/wp-content\/uploads\/2023\/07\/nymus_logo_rgb.png","contentUrl":"https:\/\/nymus.be\/wp-content\/uploads\/2023\/07\/nymus_logo_rgb.png","width":842,"height":222,"caption":"Nymus"},"image":{"@id":"http:\/\/nymus.be\/#\/schema\/logo\/image\/"},"sameAs":["https:\/\/www.linkedin.com\/company\/2587847\/admin\/?lipi=urnlipaged_flagship3_feedLMsWqCuuRCFADe8nhgbkw"]}]}},"_links":{"self":[{"href":"https:\/\/nymus.be\/fr\/wp-json\/wp\/v2\/pages\/3565","targetHints":{"allow":["GET"]}}],"collection":[{"href":"https:\/\/nymus.be\/fr\/wp-json\/wp\/v2\/pages"}],"about":[{"href":"https:\/\/nymus.be\/fr\/wp-json\/wp\/v2\/types\/page"}],"author":[{"embeddable":true,"href":"https:\/\/nymus.be\/fr\/wp-json\/wp\/v2\/users\/1"}],"replies":[{"embeddable":true,"href":"https:\/\/nymus.be\/fr\/wp-json\/wp\/v2\/comments?post=3565"}],"version-history":[{"count":11,"href":"https:\/\/nymus.be\/fr\/wp-json\/wp\/v2\/pages\/3565\/revisions"}],"predecessor-version":[{"id":10335,"href":"https:\/\/nymus.be\/fr\/wp-json\/wp\/v2\/pages\/3565\/revisions\/10335"}],"wp:attachment":[{"href":"https:\/\/nymus.be\/fr\/wp-json\/wp\/v2\/media?parent=3565"}],"curies":[{"name":"wp","href":"https:\/\/api.w.org\/{rel}","templated":true}]}}