{"id":3698,"date":"2023-07-12T14:25:19","date_gmt":"2023-07-12T12:25:19","guid":{"rendered":"https:\/\/35.205.44.62\/conditions-de-facturation\/"},"modified":"2023-08-07T09:52:52","modified_gmt":"2023-08-07T07:52:52","slug":"conditions-de-facturation","status":"publish","type":"page","link":"https:\/\/nymus.be\/fr\/conditions-de-facturation\/","title":{"rendered":"Conditions de facturation"},"content":{"rendered":"\t\t<div data-elementor-type=\"wp-page\" data-elementor-id=\"3698\" class=\"elementor elementor-3698 elementor-1258\" data-elementor-settings=\"{&quot;ha_cmc_init_switcher&quot;:&quot;no&quot;}\" data-elementor-post-type=\"page\">\n\t\t\t\t\t\t<section class=\"elementor-section elementor-top-section elementor-element elementor-element-b057fd9 elementor-section-boxed elementor-section-height-default elementor-section-height-default\" data-id=\"b057fd9\" data-element_type=\"section\" data-e-type=\"section\" data-settings=\"{&quot;background_background&quot;:&quot;classic&quot;,&quot;_ha_eqh_enable&quot;:false}\">\n\t\t\t\t\t\t<div class=\"elementor-container elementor-column-gap-default\">\n\t\t\t\t\t<div class=\"elementor-column elementor-col-50 elementor-top-column elementor-element elementor-element-628aeeb\" data-id=\"628aeeb\" data-element_type=\"column\" data-e-type=\"column\">\n\t\t\t<div class=\"elementor-widget-wrap elementor-element-populated\">\n\t\t\t\t\t\t<div class=\"elementor-element elementor-element-88cb50b elementor-widget__width-initial elementor-view-default elementor-widget elementor-widget-icon\" data-id=\"88cb50b\" data-element_type=\"widget\" data-e-type=\"widget\" data-widget_type=\"icon.default\">\n\t\t\t\t\t\t\t<div class=\"elementor-icon-wrapper\">\n\t\t\t<div class=\"elementor-icon\">\n\t\t\t<svg xmlns=\"http:\/\/www.w3.org\/2000\/svg\" xmlns:xlink=\"http:\/\/www.w3.org\/1999\/xlink\" width=\"42.036\" height=\"52.191\" viewBox=\"0 0 42.036 52.191\"><defs><linearGradient id=\"linear-gradient\" x1=\"-0.128\" y1=\"1\" x2=\"1\" y2=\"1\" gradientUnits=\"objectBoundingBox\"><stop offset=\"0\" stop-color=\"#ffa04f\"><\/stop><stop offset=\"1\" stop-color=\"#ff3e36\"><\/stop><stop offset=\"1\" stop-color=\"#ff3c36\"><\/stop><\/linearGradient><\/defs><path id=\"Union_4\" data-name=\"Union 4\" d=\"M10.156,45.7l5.077-5.077h0l5.078-5.078,5.077-5.078L27.927,33l-2.538-2.539,5.078-5.077L33,22.849l-2.539,2.539L25.389,20.31h0L20.31,15.233l2.538-2.539-2.539,2.539-5.077-5.079L10.156,5.078,15.233,0l5.079,5.077h0l5.078,5.078h0l5.078,5.076,5.078,5.078h0l5.078,5.076-5.078,5.079-5.078,5.077-5.077,5.078L20.311,45.7h0l-5.078,5.078ZM0,35.544l5.077-5.078L7.616,33,5.078,30.465l5.078-5.077,2.538-2.539-2.539,2.539L5.079,20.31h0L0,15.233l5.077-5.078,5.079,5.077,5.078,5.078h0l5.078,5.076-5.078,5.079-5.078,5.077L5.078,40.622Z\" transform=\"translate(0.707 0.707)\" stroke=\"rgba(0,0,0,0)\" stroke-width=\"1\" fill=\"url(#linear-gradient)\"><\/path><\/svg>\t\t\t<\/div>\n\t\t<\/div>\n\t\t\t\t\t\t<\/div>\n\t\t\t\t<div class=\"elementor-element elementor-element-432e995 elementor-widget__width-initial elementor-widget elementor-widget-heading\" data-id=\"432e995\" data-element_type=\"widget\" data-e-type=\"widget\" data-widget_type=\"heading.default\">\n\t\t\t\t\t<h2 class=\"elementor-heading-title elementor-size-default\">Nos conditions de facturation<\/h2>\t\t\t\t<\/div>\n\t\t\t\t\t<\/div>\n\t\t<\/div>\n\t\t\t\t<div class=\"elementor-column elementor-col-50 elementor-top-column elementor-element elementor-element-9f2746a\" data-id=\"9f2746a\" data-element_type=\"column\" data-e-type=\"column\">\n\t\t\t<div class=\"elementor-widget-wrap\">\n\t\t\t\t\t\t\t<\/div>\n\t\t<\/div>\n\t\t\t\t\t<\/div>\n\t\t<\/section>\n\t\t\t\t<section class=\"elementor-section elementor-top-section elementor-element elementor-element-2ce897e elementor-section-boxed elementor-section-height-default elementor-section-height-default\" data-id=\"2ce897e\" data-element_type=\"section\" data-e-type=\"section\" data-settings=\"{&quot;_ha_eqh_enable&quot;:false}\">\n\t\t\t\t\t\t<div class=\"elementor-container elementor-column-gap-default\">\n\t\t\t\t\t<div class=\"elementor-column elementor-col-100 elementor-top-column elementor-element elementor-element-42c3ffe\" data-id=\"42c3ffe\" data-element_type=\"column\" data-e-type=\"column\">\n\t\t\t<div class=\"elementor-widget-wrap elementor-element-populated\">\n\t\t\t\t\t\t<div class=\"elementor-element elementor-element-bb39acd elementor-widget elementor-widget-text-editor\" data-id=\"bb39acd\" data-element_type=\"widget\" data-e-type=\"widget\" data-widget_type=\"text-editor.default\">\n\t\t\t\t\t\t\t\t\t<h2><strong>CONDITIONS G\u00c9N\u00c9RALES DE FACTURATION ET DE SERVICE DE NYMUS (partie des conditions g\u00e9n\u00e9rales de NYMUS)<\/strong><\/h2>\n<p>Les pr\u00e9sentes Conditions g\u00e9n\u00e9rales de facturation et de service (les \u00ab\u00a0CGPS\u00a0\u00bb) s&rsquo;appliquent \u00e0 tous les achats de produits et de services d&rsquo;<strong>OptiPost <\/strong>NV, quelle que soit la forme que prennent ces achats. Les GISTC font partie des conditions g\u00e9n\u00e9rales de Nymus.<\/p>\n<h3>1. D\u00e9finitions<\/h3>\n<p>1.1. \u00ab\u00a0Nymus \u00a0\u00bb signifie <strong>OptiPost <\/strong>NV, Xavier de Cocklaan 68, bus 5, 9831 Deurle (Sint-Maartens-Latem) (Belgique), inscrite \u00e0 la Banque-Carrefour des Entreprises sous le num\u00e9ro 0845.015.696.<\/p>\n<p>1.2. \u00ab\u00a0Client\u00a0\u00bb d\u00e9signe la personne physique ou morale qui remplit et signe un bon de commande pour les services et\/ou produits d&rsquo;<strong>OptiPost <\/strong>NV et qui agit \u00e0 des fins professionnelles (par opposition \u00e0 des fins personnelles).<\/p>\n<p>1.3. Par \u00ab\u00a0bon de commande\u00a0\u00bb, on entend toute commande pass\u00e9e par le client (en remplissant et en signant un bon de commande, il est entendu qu&rsquo;une confirmation par courrier \u00e9lectronique suffit). demandant les services et\/ou produits d&rsquo;<strong>OptiPost <\/strong>NV.<\/p>\n<p>1.4. \u00ab\u00a0Contrat\u00a0\u00bb d\u00e9signe tout bon de commande confirm\u00e9 par <strong>OptiPost <\/strong>NV et\/ou tout accord connexe sign\u00e9 par <strong>OptiPost <\/strong>NV et le client, dans chaque cas, y compris les conditions g\u00e9n\u00e9rales d&rsquo;<strong>OptiPost <\/strong>NV et donc les pr\u00e9sentes CGIS.<\/p>\n<p>1.5. Le terme \u00ab\u00a0travail\u00a0\u00bb ou \u00ab\u00a0mission\u00a0\u00bb d\u00e9signe l&rsquo;article command\u00e9 par le client, tel que sp\u00e9cifi\u00e9 dans le contrat.<\/p>\n<p>1.6. \u00ab\u00a0Lieu\u00a0\u00bb : le lieu d&rsquo;ex\u00e9cution de l&rsquo;accord tel qu&rsquo;il est sp\u00e9cifi\u00e9 dans l&rsquo;accord.<\/p>\n<p>1.7. Par \u00ab\u00a0droits de propri\u00e9t\u00e9 intellectuelle\u00a0\u00bb, on entend les brevets actuels et futurs, les droits d&rsquo;auteur, les droits voisins, les \u0153uvres de l&rsquo;esprit, les droits sur les logiciels, les droits sur la topographie des semi-conducteurs, les droits sur les bases de donn\u00e9es, les marques, les noms commerciaux, les logos, les dessins, les mod\u00e8les et les secrets commerciaux, le savoir-faire, les demandes d&rsquo;enregistrement et le droit de demander l&rsquo;enregistrement de l&rsquo;un quelconque des droits susmentionn\u00e9s et tous les autres droits de propri\u00e9t\u00e9 intellectuelle ou autres droits de propri\u00e9t\u00e9 et les formes de protection \u00e9quivalentes ou similaires existant partout dans le monde.<\/p>\n<h3>2. Accord &#8211; ex\u00e9cution &#8211; suspension<\/h3>\n<p>2.1. Pour \u00eatre valable, tout accord n\u00e9cessite un bon de commande confirm\u00e9 par \u00e9crit par <strong>OptiPost <\/strong>NV, \u00e9tant entendu qu&rsquo;une confirmation par courrier \u00e9lectronique suffit.<\/p>\n<p>2.2. Tout bon de commande confirm\u00e9 est d\u00e9finitif et contraignant pour le client.<\/p>\n<p>2.3. <strong>OptiPost <\/strong>NV est autoris\u00e9e \u00e0 sous-traiter, \u00e0 des fournisseurs tiers, tout ou partie de ses obligations en vertu de la Convention. <strong>OptiPost <\/strong>NV reste toutefois seule responsable vis-\u00e0-vis du Client \u00e0 cet \u00e9gard. <\/p>\n<p>2.4. Sauf mention contraire expresse dans l&rsquo;Accord, tout d\u00e9lai, date limite ou autre indicateur de temps n&rsquo;est donn\u00e9 qu&rsquo;\u00e0 titre d&rsquo;information et n&rsquo;engage pas <strong>OptiPost <\/strong>NV.<\/p>\n<p>2.5. Toute modification ult\u00e9rieure de la part du client dans le formulaire de commande confirm\u00e9 peut donner lieu \u00e0 une nouvelle offre ou \u00e0 un nouveau devis de la part d&rsquo;<strong>OptiPost <\/strong>NV.<\/p>\n<p>2.6. Dans le cas o\u00f9 le Client ne paierait pas \u00e0 temps un montant d\u00fb, <strong>OptiPost <\/strong>NV a le droit &#8211; sous r\u00e9serve d&rsquo;une notification \u00e9crite pr\u00e9alable, un courriel \u00e9tant suffisant &#8211; de suspendre l&rsquo;ex\u00e9cution des obligations d&rsquo;<strong>OptiPost <\/strong>NV en vertu du Contrat jusqu&rsquo;\u00e0 ce que le Client ait effectu\u00e9 le paiement complet.<\/p>\n<p>2.7. Le Client certifie qu&rsquo;il ach\u00e8te les services et\/ou produits d&rsquo;<strong>OptiPost <\/strong>NV exclusivement pour un usage professionnel.<\/p>\n<h3>3. Prix et paiement<\/h3>\n<p>3.1. Les prix sont toujours exprim\u00e9s en euros et n&rsquo;incluent pas la TVA.<\/p>\n<p>3.2. Si les prix s&rsquo;appliquent \u00e0 une cession pour une p\u00e9riode pr\u00e9d\u00e9termin\u00e9e, ces prix s&rsquo;appliquent comme prix unitaire pour la dur\u00e9e du contrat, sous r\u00e9serve de la survenance d&rsquo;un \u00e9v\u00e9nement conform\u00e9ment \u00e0 l&rsquo;article 2.5.<\/p>\n<p>3.3. L&rsquo;indexation des prix sera appliqu\u00e9e conform\u00e9ment \u00e0 l&rsquo;article 5.6 des conditions g\u00e9n\u00e9rales d&rsquo;<strong>OptiPost <\/strong>NV.<\/p>\n<p>3.4. Les factures sont payables dans les 30 jours suivant la date de facturation, sauf accord contraire stipul\u00e9 dans l&rsquo;accord. Toute contestation (ainsi que ses motifs) relative \u00e0 la facture \u00e9mise doit \u00eatre notifi\u00e9e par \u00e9crit \u00e0 <strong>OptiPost <\/strong>NV, et ce dans les 8 jours ouvrables suivant la r\u00e9ception de la facture. Le client n&rsquo;a pas le droit de retenir la totalit\u00e9 du paiement d&rsquo;une facture partiellement contest\u00e9e. Dans ce cas, seul le paiement de la partie contest\u00e9e peut \u00eatre retenu.<\/p>\n<p>3.5. Les retards de paiement donnent lieu \u00e0 une majoration l\u00e9gale des int\u00e9r\u00eats de retard au taux pr\u00e9vu par la loi du 2 ao\u00fbt 2002 relative \u00e0 la lutte contre le retard de paiement dans les transactions commerciales, ainsi qu&rsquo;\u00e0 une indemnit\u00e9 forfaitaire de 15 % sur le montant d\u00fb, avec un minimum de 150 euros.<\/p>\n<p>3.6. Dans le cas o\u00f9 le Client d\u00e9cide d&rsquo;annuler une cession d\u00e9j\u00e0 confirm\u00e9e par <strong>OptiPost <\/strong>NV et sans pr\u00e9judice de tout autre recours en vertu du pr\u00e9sent Contrat ou de la l\u00e9gislation applicable, le Client paiera \u00e0 <strong>OptiPost NV <\/strong>une somme forfaitaire unique \u00e9gale \u00e0 25 % (hors TVA) du prix total. Le client doit \u00e9galement payer pour les travaux d\u00e9j\u00e0 ex\u00e9cut\u00e9s dans le cadre de cette mission.<\/p>\n<h3>4. Droits de propri\u00e9t\u00e9 intellectuelle<\/h3>\n<p>Tous les droits de propri\u00e9t\u00e9 intellectuelle li\u00e9s aux services et produits <strong>d&rsquo;OptiPost NV<\/strong> sont d\u00e9tenus par <strong>OptiPost NV<\/strong> ou ses conc\u00e9dants de licence.<\/p>\n<p>Tous les avis de propri\u00e9t\u00e9 incorpor\u00e9s ou appos\u00e9s sur les produits ou la documentation d&rsquo;<strong>OptiPost <\/strong>NV doivent \u00eatre reproduits par le client sur toutes les copies autoris\u00e9es des produits ou de la documentation d&rsquo;<strong>OptiPost <\/strong>NV, selon le cas, et ne doivent pas \u00eatre modifi\u00e9s, enlev\u00e9s ou oblit\u00e9r\u00e9s. <\/p>\n<h3>5. Garanties du client et droits des tiers<\/h3>\n<p><strong>OptiPost <\/strong>NV Post n&rsquo;assume aucune responsabilit\u00e9 en ce qui concerne les donn\u00e9es, documents ou autres \u00e9l\u00e9ments que le Client fournit \u00e0 <strong>OptiPost <\/strong>NV dans le cadre du Contrat (le \u00ab\u00a0Contenu du Client\u00a0\u00bb). Le Client garantit (i) qu&rsquo;il a le droit de fournir le Contenu Client \u00e0 <strong>OptiPost <\/strong>NV et (ii) que le Contenu Client n&rsquo;enfreint pas les droits de tiers, y compris, mais sans s&rsquo;y limiter, les droits de propri\u00e9t\u00e9 intellectuelle de tiers. Le client tiendra <strong>OptiPost <\/strong>NV \u00e0 l&rsquo;\u00e9cart et l&rsquo;indemnisera de toutes les cons\u00e9quences r\u00e9sultant de la violation de ces dispositions par le client ou de toute r\u00e9clamation de tiers \u00e0 ce sujet.<\/p>\n<p>6. Droit applicable et juridiction comp\u00e9tente<\/p>\n<p>L&rsquo;accord, y compris les pr\u00e9sentes CGIS, est r\u00e9gi par le droit belge. Tout litige d\u00e9coulant de la conclusion, de l&rsquo;ex\u00e9cution, de l&rsquo;interpr\u00e9tation et de la r\u00e9siliation du pr\u00e9sent accord ou s&rsquo;y rapportant de quelque mani\u00e8re que ce soit est soumis \u00e0 la juridiction exclusive des tribunaux comp\u00e9tents de Gand.<\/p>\n<p>2022 <strong>OptiPost <\/strong>NV . Tous droits r\u00e9serv\u00e9s.<\/p>\n\t\t\t\t\t\t\t\t<\/div>\n\t\t\t\t\t<\/div>\n\t\t<\/div>\n\t\t\t\t\t<\/div>\n\t\t<\/section>\n\t\t\t\t<section class=\"elementor-section elementor-top-section elementor-element elementor-element-2a00592 elementor-section-boxed elementor-section-height-default elementor-section-height-default\" data-id=\"2a00592\" data-element_type=\"section\" data-e-type=\"section\" data-settings=\"{&quot;background_background&quot;:&quot;gradient&quot;,&quot;_ha_eqh_enable&quot;:false}\">\n\t\t\t\t\t\t<div class=\"elementor-container elementor-column-gap-default\">\n\t\t\t\t\t<div class=\"elementor-column elementor-col-33 elementor-top-column elementor-element elementor-element-7e9950a\" data-id=\"7e9950a\" data-element_type=\"column\" data-e-type=\"column\" data-settings=\"{&quot;motion_fx_motion_fx_mouse&quot;:&quot;yes&quot;,&quot;motion_fx_mouseTrack_effect&quot;:&quot;yes&quot;,&quot;motion_fx_mouseTrack_speed&quot;:{&quot;unit&quot;:&quot;px&quot;,&quot;size&quot;:0.3,&quot;sizes&quot;:[]}}\">\n\t\t\t<div class=\"elementor-widget-wrap elementor-element-populated\">\n\t\t\t\t\t\t<div class=\"elementor-element elementor-element-cbdacb3 elementor-widget__width-initial elementor-widget elementor-widget-image\" data-id=\"cbdacb3\" data-element_type=\"widget\" data-e-type=\"widget\" data-widget_type=\"image.default\">\n\t\t\t\t\t\t\t\t\t\t\t\t\t\t\t<img fetchpriority=\"high\" decoding=\"async\" width=\"1595\" height=\"1176\" src=\"https:\/\/nymus.be\/wp-content\/uploads\/2023\/07\/Group-637@2x-crop-links.png\" class=\"attachment-full size-full wp-image-3331\" alt=\"Digitale facturatie belgi\u00eb\" srcset=\"https:\/\/nymus.be\/wp-content\/uploads\/2023\/07\/Group-637@2x-crop-links.png 1595w, https:\/\/nymus.be\/wp-content\/uploads\/2023\/07\/Group-637@2x-crop-links-300x221.png 300w, https:\/\/nymus.be\/wp-content\/uploads\/2023\/07\/Group-637@2x-crop-links-1024x755.png 1024w, https:\/\/nymus.be\/wp-content\/uploads\/2023\/07\/Group-637@2x-crop-links-768x566.png 768w, https:\/\/nymus.be\/wp-content\/uploads\/2023\/07\/Group-637@2x-crop-links-1536x1132.png 1536w\" sizes=\"(max-width: 1595px) 100vw, 1595px\" \/>\t\t\t\t\t\t\t\t\t\t\t\t\t\t\t<\/div>\n\t\t\t\t\t<\/div>\n\t\t<\/div>\n\t\t\t\t<div class=\"elementor-column elementor-col-66 elementor-top-column elementor-element elementor-element-34519f0\" data-id=\"34519f0\" data-element_type=\"column\" data-e-type=\"column\">\n\t\t\t<div class=\"elementor-widget-wrap elementor-element-populated\">\n\t\t\t\t\t\t<div class=\"elementor-element elementor-element-063e53f elementor-widget elementor-widget-heading\" data-id=\"063e53f\" data-element_type=\"widget\" data-e-type=\"widget\" data-widget_type=\"heading.default\">\n\t\t\t\t\t<h2 class=\"elementor-heading-title elementor-size-default\">En savoir plus sur Nymus<\/h2>\t\t\t\t<\/div>\n\t\t\t\t<div class=\"elementor-element elementor-element-0caf487 elementor-mobile-align-center elementor-widget elementor-widget-button\" data-id=\"0caf487\" data-element_type=\"widget\" data-e-type=\"widget\" data-widget_type=\"button.default\">\n\t\t\t\t\t\t\t\t\t\t<a class=\"elementor-button elementor-button-link elementor-size-sm\" href=\"https:\/\/nymus.be\/fr\/a-propos-de-nymus\/\">\n\t\t\t\t\t\t<span class=\"elementor-button-content-wrapper\">\n\t\t\t\t\t\t\t\t\t<span class=\"elementor-button-text\">Notre histoire<\/span>\n\t\t\t\t\t<\/span>\n\t\t\t\t\t<\/a>\n\t\t\t\t\t\t\t\t<\/div>\n\t\t\t\t\t<\/div>\n\t\t<\/div>\n\t\t\t\t\t<\/div>\n\t\t<\/section>\n\t\t\t\t<\/div>\n\t\t","protected":false},"excerpt":{"rendered":"<p>Nos conditions de facturation CONDITIONS G\u00c9N\u00c9RALES DE FACTURATION ET DE SERVICE DE NYMUS (partie des conditions g\u00e9n\u00e9rales de NYMUS) Les pr\u00e9sentes Conditions g\u00e9n\u00e9rales de facturation et de service (les \u00ab\u00a0CGPS\u00a0\u00bb) [&hellip;]<\/p>\n","protected":false},"author":1,"featured_media":0,"parent":0,"menu_order":0,"comment_status":"closed","ping_status":"closed","template":"","meta":{"footnotes":""},"class_list":["post-3698","page","type-page","status-publish","hentry"],"yoast_head":"<!-- This site is optimized with the Yoast SEO plugin v27.4 - https:\/\/yoast.com\/product\/yoast-seo-wordpress\/ -->\n<title>Conditions de facturation - Nymus<\/title>\n<meta name=\"description\" content=\"D\u00e9couvrez nos conditions de facturation ici. Les conditions de service de Nymus (partie des conditions g\u00e9n\u00e9rales de Nymus)\" \/>\n<meta name=\"robots\" content=\"noindex, follow\" \/>\n<meta property=\"og:locale\" content=\"fr_FR\" \/>\n<meta property=\"og:type\" content=\"article\" \/>\n<meta property=\"og:title\" content=\"Conditions de facturation - Nymus\" \/>\n<meta property=\"og:description\" content=\"D\u00e9couvrez nos conditions de facturation ici. Les conditions de service de Nymus (partie des conditions g\u00e9n\u00e9rales de Nymus)\" \/>\n<meta property=\"og:url\" content=\"https:\/\/nymus.be\/factuurvoorwaarden\/\" \/>\n<meta property=\"og:site_name\" content=\"Nymus\" \/>\n<meta property=\"article:modified_time\" content=\"2023-08-07T07:52:52+00:00\" \/>\n<meta property=\"og:image\" content=\"https:\/\/35.205.44.62\/wp-content\/uploads\/2023\/07\/Group-637@2x-crop-links.png\" \/>\n<meta name=\"twitter:card\" content=\"summary_large_image\" \/>\n<meta name=\"twitter:label1\" content=\"Dur\u00e9e de lecture est.\" \/>\n\t<meta name=\"twitter:data1\" content=\"6 minutes\" \/>\n<script type=\"application\/ld+json\" class=\"yoast-schema-graph\">{\"@context\":\"https:\\\/\\\/schema.org\",\"@graph\":[{\"@type\":\"WebPage\",\"@id\":\"https:\\\/\\\/nymus.be\\\/factuurvoorwaarden\\\/\",\"url\":\"https:\\\/\\\/nymus.be\\\/factuurvoorwaarden\\\/\",\"name\":\"Conditions de facturation - Nymus\",\"isPartOf\":{\"@id\":\"http:\\\/\\\/nymus.be\\\/#website\"},\"primaryImageOfPage\":{\"@id\":\"https:\\\/\\\/nymus.be\\\/factuurvoorwaarden\\\/#primaryimage\"},\"image\":{\"@id\":\"https:\\\/\\\/nymus.be\\\/factuurvoorwaarden\\\/#primaryimage\"},\"thumbnailUrl\":\"https:\\\/\\\/35.205.44.62\\\/wp-content\\\/uploads\\\/2023\\\/07\\\/Group-637@2x-crop-links.png\",\"datePublished\":\"2023-07-12T12:25:19+00:00\",\"dateModified\":\"2023-08-07T07:52:52+00:00\",\"description\":\"D\u00e9couvrez nos conditions de facturation ici. Les conditions de service de Nymus (partie des conditions g\u00e9n\u00e9rales de Nymus)\",\"breadcrumb\":{\"@id\":\"https:\\\/\\\/nymus.be\\\/factuurvoorwaarden\\\/#breadcrumb\"},\"inLanguage\":\"fr-BE\",\"potentialAction\":[{\"@type\":\"ReadAction\",\"target\":[\"https:\\\/\\\/nymus.be\\\/factuurvoorwaarden\\\/\"]}]},{\"@type\":\"ImageObject\",\"inLanguage\":\"fr-BE\",\"@id\":\"https:\\\/\\\/nymus.be\\\/factuurvoorwaarden\\\/#primaryimage\",\"url\":\"https:\\\/\\\/35.205.44.62\\\/wp-content\\\/uploads\\\/2023\\\/07\\\/Group-637@2x-crop-links.png\",\"contentUrl\":\"https:\\\/\\\/35.205.44.62\\\/wp-content\\\/uploads\\\/2023\\\/07\\\/Group-637@2x-crop-links.png\"},{\"@type\":\"BreadcrumbList\",\"@id\":\"https:\\\/\\\/nymus.be\\\/factuurvoorwaarden\\\/#breadcrumb\",\"itemListElement\":[{\"@type\":\"ListItem\",\"position\":1,\"name\":\"Home\",\"item\":\"https:\\\/\\\/nymus.be\\\/\"},{\"@type\":\"ListItem\",\"position\":2,\"name\":\"Conditions de facturation\"}]},{\"@type\":\"WebSite\",\"@id\":\"http:\\\/\\\/nymus.be\\\/#website\",\"url\":\"http:\\\/\\\/nymus.be\\\/\",\"name\":\"Nymus\",\"description\":\"Make the future paperless\",\"publisher\":{\"@id\":\"http:\\\/\\\/nymus.be\\\/#organization\"},\"potentialAction\":[{\"@type\":\"SearchAction\",\"target\":{\"@type\":\"EntryPoint\",\"urlTemplate\":\"http:\\\/\\\/nymus.be\\\/?s={search_term_string}\"},\"query-input\":{\"@type\":\"PropertyValueSpecification\",\"valueRequired\":true,\"valueName\":\"search_term_string\"}}],\"inLanguage\":\"fr-BE\"},{\"@type\":\"Organization\",\"@id\":\"http:\\\/\\\/nymus.be\\\/#organization\",\"name\":\"Nymus\",\"url\":\"http:\\\/\\\/nymus.be\\\/\",\"logo\":{\"@type\":\"ImageObject\",\"inLanguage\":\"fr-BE\",\"@id\":\"http:\\\/\\\/nymus.be\\\/#\\\/schema\\\/logo\\\/image\\\/\",\"url\":\"https:\\\/\\\/nymus.be\\\/wp-content\\\/uploads\\\/2023\\\/07\\\/nymus_logo_rgb.png\",\"contentUrl\":\"https:\\\/\\\/nymus.be\\\/wp-content\\\/uploads\\\/2023\\\/07\\\/nymus_logo_rgb.png\",\"width\":842,\"height\":222,\"caption\":\"Nymus\"},\"image\":{\"@id\":\"http:\\\/\\\/nymus.be\\\/#\\\/schema\\\/logo\\\/image\\\/\"},\"sameAs\":[\"https:\\\/\\\/www.linkedin.com\\\/company\\\/2587847\\\/admin\\\/?lipi=urnlipaged_flagship3_feedLMsWqCuuRCFADe8nhgbkw\"]}]}<\/script>\n<!-- \/ Yoast SEO plugin. -->","yoast_head_json":{"title":"Conditions de facturation - Nymus","description":"D\u00e9couvrez nos conditions de facturation ici. Les conditions de service de Nymus (partie des conditions g\u00e9n\u00e9rales de Nymus)","robots":{"index":"noindex","follow":"follow"},"og_locale":"fr_FR","og_type":"article","og_title":"Conditions de facturation - Nymus","og_description":"D\u00e9couvrez nos conditions de facturation ici. Les conditions de service de Nymus (partie des conditions g\u00e9n\u00e9rales de Nymus)","og_url":"https:\/\/nymus.be\/factuurvoorwaarden\/","og_site_name":"Nymus","article_modified_time":"2023-08-07T07:52:52+00:00","og_image":[{"url":"https:\/\/35.205.44.62\/wp-content\/uploads\/2023\/07\/Group-637@2x-crop-links.png","type":"","width":"","height":""}],"twitter_card":"summary_large_image","twitter_misc":{"Dur\u00e9e de lecture est.":"6 minutes"},"schema":{"@context":"https:\/\/schema.org","@graph":[{"@type":"WebPage","@id":"https:\/\/nymus.be\/factuurvoorwaarden\/","url":"https:\/\/nymus.be\/factuurvoorwaarden\/","name":"Conditions de facturation - Nymus","isPartOf":{"@id":"http:\/\/nymus.be\/#website"},"primaryImageOfPage":{"@id":"https:\/\/nymus.be\/factuurvoorwaarden\/#primaryimage"},"image":{"@id":"https:\/\/nymus.be\/factuurvoorwaarden\/#primaryimage"},"thumbnailUrl":"https:\/\/35.205.44.62\/wp-content\/uploads\/2023\/07\/Group-637@2x-crop-links.png","datePublished":"2023-07-12T12:25:19+00:00","dateModified":"2023-08-07T07:52:52+00:00","description":"D\u00e9couvrez nos conditions de facturation ici. Les conditions de service de Nymus (partie des conditions g\u00e9n\u00e9rales de Nymus)","breadcrumb":{"@id":"https:\/\/nymus.be\/factuurvoorwaarden\/#breadcrumb"},"inLanguage":"fr-BE","potentialAction":[{"@type":"ReadAction","target":["https:\/\/nymus.be\/factuurvoorwaarden\/"]}]},{"@type":"ImageObject","inLanguage":"fr-BE","@id":"https:\/\/nymus.be\/factuurvoorwaarden\/#primaryimage","url":"https:\/\/35.205.44.62\/wp-content\/uploads\/2023\/07\/Group-637@2x-crop-links.png","contentUrl":"https:\/\/35.205.44.62\/wp-content\/uploads\/2023\/07\/Group-637@2x-crop-links.png"},{"@type":"BreadcrumbList","@id":"https:\/\/nymus.be\/factuurvoorwaarden\/#breadcrumb","itemListElement":[{"@type":"ListItem","position":1,"name":"Home","item":"https:\/\/nymus.be\/"},{"@type":"ListItem","position":2,"name":"Conditions de facturation"}]},{"@type":"WebSite","@id":"http:\/\/nymus.be\/#website","url":"http:\/\/nymus.be\/","name":"Nymus","description":"Make the future paperless","publisher":{"@id":"http:\/\/nymus.be\/#organization"},"potentialAction":[{"@type":"SearchAction","target":{"@type":"EntryPoint","urlTemplate":"http:\/\/nymus.be\/?s={search_term_string}"},"query-input":{"@type":"PropertyValueSpecification","valueRequired":true,"valueName":"search_term_string"}}],"inLanguage":"fr-BE"},{"@type":"Organization","@id":"http:\/\/nymus.be\/#organization","name":"Nymus","url":"http:\/\/nymus.be\/","logo":{"@type":"ImageObject","inLanguage":"fr-BE","@id":"http:\/\/nymus.be\/#\/schema\/logo\/image\/","url":"https:\/\/nymus.be\/wp-content\/uploads\/2023\/07\/nymus_logo_rgb.png","contentUrl":"https:\/\/nymus.be\/wp-content\/uploads\/2023\/07\/nymus_logo_rgb.png","width":842,"height":222,"caption":"Nymus"},"image":{"@id":"http:\/\/nymus.be\/#\/schema\/logo\/image\/"},"sameAs":["https:\/\/www.linkedin.com\/company\/2587847\/admin\/?lipi=urnlipaged_flagship3_feedLMsWqCuuRCFADe8nhgbkw"]}]}},"_links":{"self":[{"href":"https:\/\/nymus.be\/fr\/wp-json\/wp\/v2\/pages\/3698","targetHints":{"allow":["GET"]}}],"collection":[{"href":"https:\/\/nymus.be\/fr\/wp-json\/wp\/v2\/pages"}],"about":[{"href":"https:\/\/nymus.be\/fr\/wp-json\/wp\/v2\/types\/page"}],"author":[{"embeddable":true,"href":"https:\/\/nymus.be\/fr\/wp-json\/wp\/v2\/users\/1"}],"replies":[{"embeddable":true,"href":"https:\/\/nymus.be\/fr\/wp-json\/wp\/v2\/comments?post=3698"}],"version-history":[{"count":6,"href":"https:\/\/nymus.be\/fr\/wp-json\/wp\/v2\/pages\/3698\/revisions"}],"predecessor-version":[{"id":3970,"href":"https:\/\/nymus.be\/fr\/wp-json\/wp\/v2\/pages\/3698\/revisions\/3970"}],"wp:attachment":[{"href":"https:\/\/nymus.be\/fr\/wp-json\/wp\/v2\/media?parent=3698"}],"curies":[{"name":"wp","href":"https:\/\/api.w.org\/{rel}","templated":true}]}}