{"id":4738,"date":"2023-09-13T10:20:54","date_gmt":"2023-09-13T08:20:54","guid":{"rendered":"https:\/\/nymus.be\/corner-model-nymus\/"},"modified":"2025-02-12T10:26:37","modified_gmt":"2025-02-12T09:26:37","slug":"corner-model-nymus","status":"publish","type":"page","link":"https:\/\/nymus.be\/fr\/corner-model-nymus\/","title":{"rendered":"Corner model Nymus"},"content":{"rendered":"\t\t<div data-elementor-type=\"wp-page\" data-elementor-id=\"4738\" class=\"elementor elementor-4738 elementor-4624\" data-elementor-settings=\"{&quot;ha_cmc_init_switcher&quot;:&quot;no&quot;}\" data-elementor-post-type=\"page\">\n\t\t\t\t\t\t<section class=\"elementor-section elementor-top-section elementor-element elementor-element-4cbce8d elementor-section-boxed elementor-section-height-default elementor-section-height-default\" data-id=\"4cbce8d\" data-element_type=\"section\" data-e-type=\"section\" data-settings=\"{&quot;background_background&quot;:&quot;classic&quot;,&quot;_ha_eqh_enable&quot;:false}\">\n\t\t\t\t\t\t<div class=\"elementor-container elementor-column-gap-default\">\n\t\t\t\t\t<div class=\"elementor-column elementor-col-50 elementor-top-column elementor-element elementor-element-bd433b6\" data-id=\"bd433b6\" data-element_type=\"column\" data-e-type=\"column\">\n\t\t\t<div class=\"elementor-widget-wrap elementor-element-populated\">\n\t\t\t\t\t\t<div class=\"elementor-element elementor-element-758f8f0 elementor-widget__width-initial elementor-view-default elementor-widget elementor-widget-icon\" data-id=\"758f8f0\" data-element_type=\"widget\" data-e-type=\"widget\" data-widget_type=\"icon.default\">\n\t\t\t\t\t\t\t<div class=\"elementor-icon-wrapper\">\n\t\t\t<div class=\"elementor-icon\">\n\t\t\t<svg xmlns=\"http:\/\/www.w3.org\/2000\/svg\" xmlns:xlink=\"http:\/\/www.w3.org\/1999\/xlink\" width=\"42.036\" height=\"52.191\" viewBox=\"0 0 42.036 52.191\"><defs><linearGradient id=\"linear-gradient\" x1=\"-0.128\" y1=\"1\" x2=\"1\" y2=\"1\" gradientUnits=\"objectBoundingBox\"><stop offset=\"0\" stop-color=\"#ffa04f\"><\/stop><stop offset=\"1\" stop-color=\"#ff3e36\"><\/stop><stop offset=\"1\" stop-color=\"#ff3c36\"><\/stop><\/linearGradient><\/defs><path id=\"Union_4\" data-name=\"Union 4\" d=\"M10.156,45.7l5.077-5.077h0l5.078-5.078,5.077-5.078L27.927,33l-2.538-2.539,5.078-5.077L33,22.849l-2.539,2.539L25.389,20.31h0L20.31,15.233l2.538-2.539-2.539,2.539-5.077-5.079L10.156,5.078,15.233,0l5.079,5.077h0l5.078,5.078h0l5.078,5.076,5.078,5.078h0l5.078,5.076-5.078,5.079-5.078,5.077-5.077,5.078L20.311,45.7h0l-5.078,5.078ZM0,35.544l5.077-5.078L7.616,33,5.078,30.465l5.078-5.077,2.538-2.539-2.539,2.539L5.079,20.31h0L0,15.233l5.077-5.078,5.079,5.077,5.078,5.078h0l5.078,5.076-5.078,5.079-5.078,5.077L5.078,40.622Z\" transform=\"translate(0.707 0.707)\" stroke=\"rgba(0,0,0,0)\" stroke-width=\"1\" fill=\"url(#linear-gradient)\"><\/path><\/svg>\t\t\t<\/div>\n\t\t<\/div>\n\t\t\t\t\t\t<\/div>\n\t\t\t\t<div class=\"elementor-element elementor-element-9b1146a elementor-widget__width-initial elementor-widget elementor-widget-heading\" data-id=\"9b1146a\" data-element_type=\"widget\" data-e-type=\"widget\" data-widget_type=\"heading.default\">\n\t\t\t\t\t<h1 class=\"elementor-heading-title elementor-size-default\">Nymus Corner model<\/h1>\t\t\t\t<\/div>\n\t\t\t\t<div class=\"elementor-element elementor-element-57e3957 elementor-widget elementor-widget-heading\" data-id=\"57e3957\" data-element_type=\"widget\" data-e-type=\"widget\" data-widget_type=\"heading.default\">\n\t\t\t\t\t<h2 class=\"elementor-heading-title elementor-size-default\">Am\u00e9liorez l'efficacit\u00e9 de votre processus de facturation avec Nymus.<\/h2>\t\t\t\t<\/div>\n\t\t\t\t<div class=\"elementor-element elementor-element-fd28946 elementor-widget elementor-widget-text-editor\" data-id=\"fd28946\" data-element_type=\"widget\" data-e-type=\"widget\" data-widget_type=\"text-editor.default\">\n\t\t\t\t\t\t\t\t\t<p>Regardez notre vid\u00e9o pour voir comment nous pouvons vous faire gagner du temps et de l\u2019argent.<\/p>\t\t\t\t\t\t\t\t<\/div>\n\t\t\t\t<div class=\"elementor-element elementor-element-117de6c elementor-widget__width-initial elementor-mobile-align-center elementor-tablet-align-right elementor-widget elementor-widget-button\" data-id=\"117de6c\" data-element_type=\"widget\" data-e-type=\"widget\" data-widget_type=\"button.default\">\n\t\t\t\t\t\t\t\t\t\t<a class=\"elementor-button elementor-button-link elementor-size-sm\" href=\"https:\/\/nymus.be\/fr\/demande-de-demonstration\/\">\n\t\t\t\t\t\t<span class=\"elementor-button-content-wrapper\">\n\t\t\t\t\t\t\t\t\t<span class=\"elementor-button-text\">Une d\u00e9monstration ?<\/span>\n\t\t\t\t\t<\/span>\n\t\t\t\t\t<\/a>\n\t\t\t\t\t\t\t\t<\/div>\n\t\t\t\t\t<\/div>\n\t\t<\/div>\n\t\t\t\t<div class=\"elementor-column elementor-col-50 elementor-top-column elementor-element elementor-element-026a633 elementor-hidden-tablet elementor-hidden-mobile\" data-id=\"026a633\" data-element_type=\"column\" data-e-type=\"column\">\n\t\t\t<div class=\"elementor-widget-wrap\">\n\t\t\t\t\t\t\t<\/div>\n\t\t<\/div>\n\t\t\t\t\t<\/div>\n\t\t<\/section>\n\t\t\t\t<section class=\"elementor-section elementor-top-section elementor-element elementor-element-f580d58 elementor-section-boxed elementor-section-height-default elementor-section-height-default\" data-id=\"f580d58\" data-element_type=\"section\" data-e-type=\"section\" data-settings=\"{&quot;_ha_eqh_enable&quot;:false}\">\n\t\t\t\t\t\t<div class=\"elementor-container elementor-column-gap-default\">\n\t\t\t\t\t<div class=\"elementor-column elementor-col-100 elementor-top-column elementor-element elementor-element-eef4424\" data-id=\"eef4424\" data-element_type=\"column\" data-e-type=\"column\">\n\t\t\t<div class=\"elementor-widget-wrap elementor-element-populated\">\n\t\t\t\t\t\t<div class=\"elementor-element elementor-element-1446042 elementor-widget elementor-widget-video\" data-id=\"1446042\" data-element_type=\"widget\" data-e-type=\"widget\" data-settings=\"{&quot;youtube_url&quot;:&quot;https:\\\/\\\/www.youtube.com\\\/watch?v=mdIOPGTZ0yY&quot;,&quot;video_type&quot;:&quot;youtube&quot;,&quot;controls&quot;:&quot;yes&quot;}\" data-widget_type=\"video.default\">\n\t\t\t\t\t\t\t<div class=\"elementor-wrapper elementor-open-inline\">\n\t\t\t<div class=\"elementor-video\"><\/div>\t\t<\/div>\n\t\t\t\t\t\t<\/div>\n\t\t\t\t\t<\/div>\n\t\t<\/div>\n\t\t\t\t\t<\/div>\n\t\t<\/section>\n\t\t\t\t<section class=\"elementor-section elementor-top-section elementor-element elementor-element-1b15f05 elementor-section-boxed elementor-section-height-default elementor-section-height-default\" data-id=\"1b15f05\" data-element_type=\"section\" data-e-type=\"section\" data-settings=\"{&quot;_ha_eqh_enable&quot;:false}\">\n\t\t\t\t\t\t<div class=\"elementor-container elementor-column-gap-default\">\n\t\t\t\t\t<div class=\"elementor-column elementor-col-100 elementor-top-column elementor-element elementor-element-90ce671\" data-id=\"90ce671\" data-element_type=\"column\" data-e-type=\"column\">\n\t\t\t<div class=\"elementor-widget-wrap elementor-element-populated\">\n\t\t\t\t\t\t<div class=\"elementor-element elementor-element-53259b5 elementor-widget elementor-widget-heading\" data-id=\"53259b5\" data-element_type=\"widget\" data-e-type=\"widget\" data-widget_type=\"heading.default\">\n\t\t\t\t\t<h2 class=\"elementor-heading-title elementor-size-default\">Le corner model ?<\/h2>\t\t\t\t<\/div>\n\t\t\t\t<div class=\"elementor-element elementor-element-18a862c elementor-widget elementor-widget-text-editor\" data-id=\"18a862c\" data-element_type=\"widget\" data-e-type=\"widget\" data-widget_type=\"text-editor.default\">\n\t\t\t\t\t\t\t\t\t<p>\u00c0 premi\u00e8re vue, le processus peut sembler complexe. C&rsquo;est pourquoi nous avons d\u00e9velopp\u00e9 le Corner Model pour vous simplifier les choses. Il s&rsquo;agit de la m\u00e9thode la plus claire pour comprendre le d\u00e9roulement du processus de facturation chez un prestataire de services.<\/p><p>Gr\u00e2ce au Corner Model, vous comprenez facilement ce qui se passe et comment nous recevoir vos factures. Nous garantissons la s\u00e9curit\u00e9, la conformit\u00e9 l\u00e9gale et la personnalisation selon vos besoins. Nous nous occupons \u00e9galement de l&rsquo;archivage et de l&rsquo;identification des factures. Vous pourrez ensuite voir comment nous les envoyons directement \u00e0 votre client ou \u00e0 son prestataire de services, avec une fonction de suivi pour vous tenir inform\u00e9 de l\u2019\u00e9tat de vos factures<\/p>\t\t\t\t\t\t\t\t<\/div>\n\t\t\t\t\t<\/div>\n\t\t<\/div>\n\t\t\t\t\t<\/div>\n\t\t<\/section>\n\t\t\t\t<section class=\"elementor-section elementor-top-section elementor-element elementor-element-96288a9 elementor-section-boxed elementor-section-height-default elementor-section-height-default\" data-id=\"96288a9\" data-element_type=\"section\" data-e-type=\"section\" data-settings=\"{&quot;_ha_eqh_enable&quot;:false}\">\n\t\t\t\t\t\t<div class=\"elementor-container elementor-column-gap-default\">\n\t\t\t\t\t<div class=\"elementor-column elementor-col-50 elementor-top-column elementor-element elementor-element-2c181dc\" data-id=\"2c181dc\" data-element_type=\"column\" data-e-type=\"column\">\n\t\t\t<div class=\"elementor-widget-wrap elementor-element-populated\">\n\t\t\t\t\t\t<div class=\"elementor-element elementor-element-96dd97c elementor-widget elementor-widget-heading\" data-id=\"96dd97c\" data-element_type=\"widget\" data-e-type=\"widget\" data-widget_type=\"heading.default\">\n\t\t\t\t\t<h2 class=\"elementor-heading-title elementor-size-default\">Explorez nos solutions pour optimiser votre entreprise\"<\/h2>\t\t\t\t<\/div>\n\t\t\t\t<div class=\"elementor-element elementor-element-4b26cfa elementor-mobile-align-center elementor-widget elementor-widget-button\" data-id=\"4b26cfa\" data-element_type=\"widget\" data-e-type=\"widget\" data-widget_type=\"button.default\">\n\t\t\t\t\t\t\t\t\t\t<a class=\"elementor-button elementor-button-link elementor-size-sm\" href=\"https:\/\/nymus.be\/fr\/solutions\/\">\n\t\t\t\t\t\t<span class=\"elementor-button-content-wrapper\">\n\t\t\t\t\t\t\t\t\t<span class=\"elementor-button-text\">Nos solutions<\/span>\n\t\t\t\t\t<\/span>\n\t\t\t\t\t<\/a>\n\t\t\t\t\t\t\t\t<\/div>\n\t\t\t\t\t<\/div>\n\t\t<\/div>\n\t\t\t\t<div class=\"elementor-column elementor-col-50 elementor-top-column elementor-element elementor-element-bc8f194\" data-id=\"bc8f194\" data-element_type=\"column\" data-e-type=\"column\">\n\t\t\t<div class=\"elementor-widget-wrap elementor-element-populated\">\n\t\t\t\t\t\t<div class=\"elementor-element elementor-element-e0b2abf elementor-widget__width-initial elementor-widget elementor-widget-image\" data-id=\"e0b2abf\" data-element_type=\"widget\" data-e-type=\"widget\" data-widget_type=\"image.default\">\n\t\t\t\t\t\t\t\t\t\t\t\t\t\t\t<img fetchpriority=\"high\" decoding=\"async\" width=\"300\" height=\"300\" src=\"https:\/\/nymus.be\/wp-content\/uploads\/2023\/07\/Invoice-Nymus-300x300.png\" class=\"attachment-medium size-medium wp-image-3495\" alt=\"\" srcset=\"https:\/\/nymus.be\/wp-content\/uploads\/2023\/07\/Invoice-Nymus-300x300.png 300w, https:\/\/nymus.be\/wp-content\/uploads\/2023\/07\/Invoice-Nymus-1024x1024.png 1024w, https:\/\/nymus.be\/wp-content\/uploads\/2023\/07\/Invoice-Nymus-150x150.png 150w, https:\/\/nymus.be\/wp-content\/uploads\/2023\/07\/Invoice-Nymus-768x768.png 768w, https:\/\/nymus.be\/wp-content\/uploads\/2023\/07\/Invoice-Nymus.png 1080w\" sizes=\"(max-width: 300px) 100vw, 300px\" \/>\t\t\t\t\t\t\t\t\t\t\t\t\t\t\t<\/div>\n\t\t\t\t\t<\/div>\n\t\t<\/div>\n\t\t\t\t\t<\/div>\n\t\t<\/section>\n\t\t\t\t<section class=\"elementor-section elementor-top-section elementor-element elementor-element-1679968 elementor-section-boxed elementor-section-height-default elementor-section-height-default\" data-id=\"1679968\" data-element_type=\"section\" data-e-type=\"section\" data-settings=\"{&quot;_ha_eqh_enable&quot;:false}\">\n\t\t\t\t\t\t<div class=\"elementor-container elementor-column-gap-default\">\n\t\t\t\t\t<div class=\"elementor-column elementor-col-100 elementor-top-column elementor-element elementor-element-c582725\" data-id=\"c582725\" data-element_type=\"column\" data-e-type=\"column\">\n\t\t\t<div class=\"elementor-widget-wrap elementor-element-populated\">\n\t\t\t\t\t\t<div class=\"elementor-element elementor-element-af7eb35 elementor-widget elementor-widget-heading\" data-id=\"af7eb35\" data-element_type=\"widget\" data-e-type=\"widget\" data-widget_type=\"heading.default\">\n\t\t\t\t\t<h2 class=\"elementor-heading-title elementor-size-default\">Ne rien manquer de nos actualit\u00e9s<\/h2>\t\t\t\t<\/div>\n\t\t\t\t<div class=\"elementor-element elementor-element-acc26be elementor-align-center elementor-mobile-align-center elementor-widget elementor-widget-button\" data-id=\"acc26be\" data-element_type=\"widget\" data-e-type=\"widget\" data-widget_type=\"button.default\">\n\t\t\t\t\t\t\t\t\t\t<a class=\"elementor-button elementor-button-link elementor-size-sm\" href=\"https:\/\/www.linkedin.com\/company\/2587847\/admin\/feed\/posts\/\">\n\t\t\t\t\t\t<span class=\"elementor-button-content-wrapper\">\n\t\t\t\t\t\t\t\t\t<span class=\"elementor-button-text\">LinkedIn<\/span>\n\t\t\t\t\t<\/span>\n\t\t\t\t\t<\/a>\n\t\t\t\t\t\t\t\t<\/div>\n\t\t\t\t\t<\/div>\n\t\t<\/div>\n\t\t\t\t\t<\/div>\n\t\t<\/section>\n\t\t\t\t<section class=\"elementor-section elementor-top-section elementor-element elementor-element-a2ded6b elementor-section-boxed elementor-section-height-default elementor-section-height-default\" data-id=\"a2ded6b\" data-element_type=\"section\" data-e-type=\"section\" data-settings=\"{&quot;background_background&quot;:&quot;gradient&quot;,&quot;_ha_eqh_enable&quot;:false}\">\n\t\t\t\t\t\t<div class=\"elementor-container elementor-column-gap-default\">\n\t\t\t\t\t<div class=\"elementor-column elementor-col-33 elementor-top-column elementor-element elementor-element-e850136\" data-id=\"e850136\" data-element_type=\"column\" data-e-type=\"column\" data-settings=\"{&quot;motion_fx_motion_fx_mouse&quot;:&quot;yes&quot;,&quot;motion_fx_mouseTrack_effect&quot;:&quot;yes&quot;,&quot;motion_fx_mouseTrack_speed&quot;:{&quot;unit&quot;:&quot;px&quot;,&quot;size&quot;:0.3,&quot;sizes&quot;:[]}}\">\n\t\t\t<div class=\"elementor-widget-wrap elementor-element-populated\">\n\t\t\t\t\t\t<div class=\"elementor-element elementor-element-989c17a elementor-widget__width-initial elementor-widget elementor-widget-image\" data-id=\"989c17a\" data-element_type=\"widget\" data-e-type=\"widget\" data-widget_type=\"image.default\">\n\t\t\t\t\t\t\t\t\t\t\t\t\t\t\t<img decoding=\"async\" width=\"1595\" height=\"1176\" src=\"https:\/\/nymus.be\/wp-content\/uploads\/2023\/07\/Group-637@2x-crop-links.png\" class=\"attachment-full size-full wp-image-3331\" alt=\"Digitale facturatie belgi\u00eb\" srcset=\"https:\/\/nymus.be\/wp-content\/uploads\/2023\/07\/Group-637@2x-crop-links.png 1595w, https:\/\/nymus.be\/wp-content\/uploads\/2023\/07\/Group-637@2x-crop-links-300x221.png 300w, https:\/\/nymus.be\/wp-content\/uploads\/2023\/07\/Group-637@2x-crop-links-1024x755.png 1024w, https:\/\/nymus.be\/wp-content\/uploads\/2023\/07\/Group-637@2x-crop-links-768x566.png 768w, https:\/\/nymus.be\/wp-content\/uploads\/2023\/07\/Group-637@2x-crop-links-1536x1132.png 1536w\" sizes=\"(max-width: 1595px) 100vw, 1595px\" \/>\t\t\t\t\t\t\t\t\t\t\t\t\t\t\t<\/div>\n\t\t\t\t\t<\/div>\n\t\t<\/div>\n\t\t\t\t<div class=\"elementor-column elementor-col-66 elementor-top-column elementor-element elementor-element-8f30a9f\" data-id=\"8f30a9f\" data-element_type=\"column\" data-e-type=\"column\">\n\t\t\t<div class=\"elementor-widget-wrap elementor-element-populated\">\n\t\t\t\t\t\t<div class=\"elementor-element elementor-element-a86ce97 elementor-widget elementor-widget-heading\" data-id=\"a86ce97\" data-element_type=\"widget\" data-e-type=\"widget\" data-widget_type=\"heading.default\">\n\t\t\t\t\t<h2 class=\"elementor-heading-title elementor-size-default\">Pr\u00eat \u00e0 automatiser vos processus ?\n<\/h2>\t\t\t\t<\/div>\n\t\t\t\t<div class=\"elementor-element elementor-element-6a21c69 elementor-widget elementor-widget-text-editor\" data-id=\"6a21c69\" data-element_type=\"widget\" data-e-type=\"widget\" data-widget_type=\"text-editor.default\">\n\t\t\t\t\t\t\t\t\t<p>Rendez chaque flux de documents dix fois plus efficace. Vous doutez encore ? D\u00e9couvrez par vous-m\u00eame ce que Nymus peut offrir \u00e0 votre entreprise.<\/p>\t\t\t\t\t\t\t\t<\/div>\n\t\t\t\t<div class=\"elementor-element elementor-element-4a64091 elementor-mobile-align-center elementor-widget elementor-widget-button\" data-id=\"4a64091\" data-element_type=\"widget\" data-e-type=\"widget\" data-widget_type=\"button.default\">\n\t\t\t\t\t\t\t\t\t\t<a class=\"elementor-button elementor-button-link elementor-size-sm\" href=\"https:\/\/nymus.be\/fr\/demande-de-demonstration\/\">\n\t\t\t\t\t\t<span class=\"elementor-button-content-wrapper\">\n\t\t\t\t\t\t\t\t\t<span class=\"elementor-button-text\">R\u00e9server une d\u00e9monstration<\/span>\n\t\t\t\t\t<\/span>\n\t\t\t\t\t<\/a>\n\t\t\t\t\t\t\t\t<\/div>\n\t\t\t\t\t<\/div>\n\t\t<\/div>\n\t\t\t\t\t<\/div>\n\t\t<\/section>\n\t\t\t\t<\/div>\n\t\t","protected":false},"excerpt":{"rendered":"<p>Nymus Corner model Am\u00e9liorez l&rsquo;efficacit\u00e9 de votre processus de facturation avec Nymus. Regardez notre vid\u00e9o pour voir comment nous pouvons vous faire gagner du temps et de l\u2019argent. Une d\u00e9monstration [&hellip;]<\/p>\n","protected":false},"author":1,"featured_media":0,"parent":0,"menu_order":0,"comment_status":"closed","ping_status":"closed","template":"","meta":{"footnotes":""},"class_list":["post-4738","page","type-page","status-publish","hentry"],"yoast_head":"<!-- This site is optimized with the Yoast SEO plugin v27.4 - https:\/\/yoast.com\/product\/yoast-seo-wordpress\/ -->\n<title>Corner model Nymus<\/title>\n<meta name=\"description\" content=\"Nous d\u00e9taillons ici le corner model et la mani\u00e8re dont nous travaillerons avec votre processus de facturation.\" \/>\n<meta name=\"robots\" content=\"index, follow, max-snippet:-1, max-image-preview:large, max-video-preview:-1\" \/>\n<link rel=\"canonical\" href=\"https:\/\/nymus.be\/nymus-corner-model\/\" \/>\n<meta property=\"og:locale\" content=\"fr_FR\" \/>\n<meta property=\"og:type\" content=\"article\" \/>\n<meta property=\"og:title\" content=\"Corner model Nymus\" \/>\n<meta property=\"og:description\" content=\"Nous d\u00e9taillons ici le corner model et la mani\u00e8re dont nous travaillerons avec votre processus de facturation.\" \/>\n<meta property=\"og:url\" content=\"https:\/\/nymus.be\/nymus-corner-model\/\" \/>\n<meta property=\"og:site_name\" content=\"Nymus\" \/>\n<meta property=\"article:modified_time\" content=\"2025-02-12T09:26:37+00:00\" \/>\n<meta property=\"og:image\" content=\"https:\/\/nymus.be\/wp-content\/uploads\/2023\/07\/Invoice-Nymus.png\" \/>\n\t<meta property=\"og:image:width\" content=\"1080\" \/>\n\t<meta property=\"og:image:height\" content=\"1080\" \/>\n\t<meta property=\"og:image:type\" content=\"image\/png\" \/>\n<meta name=\"twitter:card\" content=\"summary_large_image\" \/>\n<meta name=\"twitter:label1\" content=\"Dur\u00e9e de lecture est.\" \/>\n\t<meta name=\"twitter:data1\" content=\"2 minutes\" \/>\n<script type=\"application\/ld+json\" class=\"yoast-schema-graph\">{\"@context\":\"https:\\\/\\\/schema.org\",\"@graph\":[{\"@type\":\"WebPage\",\"@id\":\"https:\\\/\\\/nymus.be\\\/nymus-corner-model\\\/\",\"url\":\"https:\\\/\\\/nymus.be\\\/nymus-corner-model\\\/\",\"name\":\"Corner model Nymus\",\"isPartOf\":{\"@id\":\"http:\\\/\\\/nymus.be\\\/#website\"},\"primaryImageOfPage\":{\"@id\":\"https:\\\/\\\/nymus.be\\\/nymus-corner-model\\\/#primaryimage\"},\"image\":{\"@id\":\"https:\\\/\\\/nymus.be\\\/nymus-corner-model\\\/#primaryimage\"},\"thumbnailUrl\":\"https:\\\/\\\/nymus.be\\\/wp-content\\\/uploads\\\/2023\\\/07\\\/Invoice-Nymus-300x300.png\",\"datePublished\":\"2023-09-13T08:20:54+00:00\",\"dateModified\":\"2025-02-12T09:26:37+00:00\",\"description\":\"Nous d\u00e9taillons ici le corner model et la mani\u00e8re dont nous travaillerons avec votre processus de facturation.\",\"breadcrumb\":{\"@id\":\"https:\\\/\\\/nymus.be\\\/nymus-corner-model\\\/#breadcrumb\"},\"inLanguage\":\"fr-BE\",\"potentialAction\":[{\"@type\":\"ReadAction\",\"target\":[\"https:\\\/\\\/nymus.be\\\/nymus-corner-model\\\/\"]}]},{\"@type\":\"ImageObject\",\"inLanguage\":\"fr-BE\",\"@id\":\"https:\\\/\\\/nymus.be\\\/nymus-corner-model\\\/#primaryimage\",\"url\":\"https:\\\/\\\/nymus.be\\\/wp-content\\\/uploads\\\/2023\\\/07\\\/Invoice-Nymus-300x300.png\",\"contentUrl\":\"https:\\\/\\\/nymus.be\\\/wp-content\\\/uploads\\\/2023\\\/07\\\/Invoice-Nymus-300x300.png\"},{\"@type\":\"BreadcrumbList\",\"@id\":\"https:\\\/\\\/nymus.be\\\/nymus-corner-model\\\/#breadcrumb\",\"itemListElement\":[{\"@type\":\"ListItem\",\"position\":1,\"name\":\"Home\",\"item\":\"https:\\\/\\\/nymus.be\\\/\"},{\"@type\":\"ListItem\",\"position\":2,\"name\":\"Corner model Nymus\"}]},{\"@type\":\"WebSite\",\"@id\":\"http:\\\/\\\/nymus.be\\\/#website\",\"url\":\"http:\\\/\\\/nymus.be\\\/\",\"name\":\"Nymus\",\"description\":\"Make the future paperless\",\"publisher\":{\"@id\":\"http:\\\/\\\/nymus.be\\\/#organization\"},\"potentialAction\":[{\"@type\":\"SearchAction\",\"target\":{\"@type\":\"EntryPoint\",\"urlTemplate\":\"http:\\\/\\\/nymus.be\\\/?s={search_term_string}\"},\"query-input\":{\"@type\":\"PropertyValueSpecification\",\"valueRequired\":true,\"valueName\":\"search_term_string\"}}],\"inLanguage\":\"fr-BE\"},{\"@type\":\"Organization\",\"@id\":\"http:\\\/\\\/nymus.be\\\/#organization\",\"name\":\"Nymus\",\"url\":\"http:\\\/\\\/nymus.be\\\/\",\"logo\":{\"@type\":\"ImageObject\",\"inLanguage\":\"fr-BE\",\"@id\":\"http:\\\/\\\/nymus.be\\\/#\\\/schema\\\/logo\\\/image\\\/\",\"url\":\"https:\\\/\\\/nymus.be\\\/wp-content\\\/uploads\\\/2023\\\/07\\\/nymus_logo_rgb.png\",\"contentUrl\":\"https:\\\/\\\/nymus.be\\\/wp-content\\\/uploads\\\/2023\\\/07\\\/nymus_logo_rgb.png\",\"width\":842,\"height\":222,\"caption\":\"Nymus\"},\"image\":{\"@id\":\"http:\\\/\\\/nymus.be\\\/#\\\/schema\\\/logo\\\/image\\\/\"},\"sameAs\":[\"https:\\\/\\\/www.linkedin.com\\\/company\\\/2587847\\\/admin\\\/?lipi=urnlipaged_flagship3_feedLMsWqCuuRCFADe8nhgbkw\"]}]}<\/script>\n<!-- \/ Yoast SEO plugin. -->","yoast_head_json":{"title":"Corner model Nymus","description":"Nous d\u00e9taillons ici le corner model et la mani\u00e8re dont nous travaillerons avec votre processus de facturation.","robots":{"index":"index","follow":"follow","max-snippet":"max-snippet:-1","max-image-preview":"max-image-preview:large","max-video-preview":"max-video-preview:-1"},"canonical":"https:\/\/nymus.be\/nymus-corner-model\/","og_locale":"fr_FR","og_type":"article","og_title":"Corner model Nymus","og_description":"Nous d\u00e9taillons ici le corner model et la mani\u00e8re dont nous travaillerons avec votre processus de facturation.","og_url":"https:\/\/nymus.be\/nymus-corner-model\/","og_site_name":"Nymus","article_modified_time":"2025-02-12T09:26:37+00:00","og_image":[{"width":1080,"height":1080,"url":"https:\/\/nymus.be\/wp-content\/uploads\/2023\/07\/Invoice-Nymus.png","type":"image\/png"}],"twitter_card":"summary_large_image","twitter_misc":{"Dur\u00e9e de lecture est.":"2 minutes"},"schema":{"@context":"https:\/\/schema.org","@graph":[{"@type":"WebPage","@id":"https:\/\/nymus.be\/nymus-corner-model\/","url":"https:\/\/nymus.be\/nymus-corner-model\/","name":"Corner model Nymus","isPartOf":{"@id":"http:\/\/nymus.be\/#website"},"primaryImageOfPage":{"@id":"https:\/\/nymus.be\/nymus-corner-model\/#primaryimage"},"image":{"@id":"https:\/\/nymus.be\/nymus-corner-model\/#primaryimage"},"thumbnailUrl":"https:\/\/nymus.be\/wp-content\/uploads\/2023\/07\/Invoice-Nymus-300x300.png","datePublished":"2023-09-13T08:20:54+00:00","dateModified":"2025-02-12T09:26:37+00:00","description":"Nous d\u00e9taillons ici le corner model et la mani\u00e8re dont nous travaillerons avec votre processus de facturation.","breadcrumb":{"@id":"https:\/\/nymus.be\/nymus-corner-model\/#breadcrumb"},"inLanguage":"fr-BE","potentialAction":[{"@type":"ReadAction","target":["https:\/\/nymus.be\/nymus-corner-model\/"]}]},{"@type":"ImageObject","inLanguage":"fr-BE","@id":"https:\/\/nymus.be\/nymus-corner-model\/#primaryimage","url":"https:\/\/nymus.be\/wp-content\/uploads\/2023\/07\/Invoice-Nymus-300x300.png","contentUrl":"https:\/\/nymus.be\/wp-content\/uploads\/2023\/07\/Invoice-Nymus-300x300.png"},{"@type":"BreadcrumbList","@id":"https:\/\/nymus.be\/nymus-corner-model\/#breadcrumb","itemListElement":[{"@type":"ListItem","position":1,"name":"Home","item":"https:\/\/nymus.be\/"},{"@type":"ListItem","position":2,"name":"Corner model Nymus"}]},{"@type":"WebSite","@id":"http:\/\/nymus.be\/#website","url":"http:\/\/nymus.be\/","name":"Nymus","description":"Make the future paperless","publisher":{"@id":"http:\/\/nymus.be\/#organization"},"potentialAction":[{"@type":"SearchAction","target":{"@type":"EntryPoint","urlTemplate":"http:\/\/nymus.be\/?s={search_term_string}"},"query-input":{"@type":"PropertyValueSpecification","valueRequired":true,"valueName":"search_term_string"}}],"inLanguage":"fr-BE"},{"@type":"Organization","@id":"http:\/\/nymus.be\/#organization","name":"Nymus","url":"http:\/\/nymus.be\/","logo":{"@type":"ImageObject","inLanguage":"fr-BE","@id":"http:\/\/nymus.be\/#\/schema\/logo\/image\/","url":"https:\/\/nymus.be\/wp-content\/uploads\/2023\/07\/nymus_logo_rgb.png","contentUrl":"https:\/\/nymus.be\/wp-content\/uploads\/2023\/07\/nymus_logo_rgb.png","width":842,"height":222,"caption":"Nymus"},"image":{"@id":"http:\/\/nymus.be\/#\/schema\/logo\/image\/"},"sameAs":["https:\/\/www.linkedin.com\/company\/2587847\/admin\/?lipi=urnlipaged_flagship3_feedLMsWqCuuRCFADe8nhgbkw"]}]}},"_links":{"self":[{"href":"https:\/\/nymus.be\/fr\/wp-json\/wp\/v2\/pages\/4738","targetHints":{"allow":["GET"]}}],"collection":[{"href":"https:\/\/nymus.be\/fr\/wp-json\/wp\/v2\/pages"}],"about":[{"href":"https:\/\/nymus.be\/fr\/wp-json\/wp\/v2\/types\/page"}],"author":[{"embeddable":true,"href":"https:\/\/nymus.be\/fr\/wp-json\/wp\/v2\/users\/1"}],"replies":[{"embeddable":true,"href":"https:\/\/nymus.be\/fr\/wp-json\/wp\/v2\/comments?post=4738"}],"version-history":[{"count":16,"href":"https:\/\/nymus.be\/fr\/wp-json\/wp\/v2\/pages\/4738\/revisions"}],"predecessor-version":[{"id":16299,"href":"https:\/\/nymus.be\/fr\/wp-json\/wp\/v2\/pages\/4738\/revisions\/16299"}],"wp:attachment":[{"href":"https:\/\/nymus.be\/fr\/wp-json\/wp\/v2\/media?parent=4738"}],"curies":[{"name":"wp","href":"https:\/\/api.w.org\/{rel}","templated":true}]}}